{"id":153,"date":"2020-07-16T16:28:29","date_gmt":"2020-07-16T14:28:29","guid":{"rendered":"https:\/\/villaggio-fuegen.at\/imprint\/"},"modified":"2020-07-16T16:29:23","modified_gmt":"2020-07-16T14:29:23","slug":"imprint","status":"publish","type":"page","link":"https:\/\/villaggio-fuegen.at\/en\/imprint\/","title":{"rendered":"Imprint"},"content":{"rendered":"<div class=\"wpb-content-wrapper\"><p>[vc_row][vc_column][vc_column_text]<\/p>\n<h1>Imprint<\/h1>\n<p>Pizzeria Restaurant Villaggio F\u00fcgen<br \/>\nKarl-Mauracher Weg 38<br \/>\nA-6263 F\u00fcgen<\/p>\n<p>Phone: +43 5288 64007<br \/>\n<a href=\"mailto:office@villaggio-fuegen.at\">office@villaggio-fuegen.at<\/a><\/p>\n<p><strong>Company name: <\/strong>M.B. Villaggio OG<br \/>\n<strong>Managing directors: <\/strong>Micoogullari Yilmaz &amp; Bing\u00f6ll\u00fc Murat<\/p>\n<p><strong>Supervisory authority:<\/strong> Bezirkshauptmannschaft Schwaz<br \/>\nMember of the Tyrol Chamber of Commerce<br \/>\nSection: Restaurants<br \/>\nCommercial register number: FN 431487 s<br \/>\nVAT: ATU 69491301[\/vc_column_text][\/vc_column][\/vc_row][vc_row][vc_column][vc_column_text]<\/p>\n<h2>Disclaimer of liability<\/h2>\n<p>The operator of this website does not guarantee the topicality, correctness or quality of the content displayed. Liability claims against the operator for damage caused by the use of the website are excluded insofar as this damage is not due to grossly negligent or willful conduct on the part of the operator. All offers are free and non-binding. The operator has the right to change the content of this website at any time without notice or to cease operation of the website. The operator assumes no liability for third-party website content linked to this website.<\/p>\n<h2>Design, implementation and programming<\/h2>\n<p>Christian Gsch\u00f6\u00dfer, <a href=\"https:\/\/christiangschoesser.at\/en\/\">christiangschoesser.at<\/a>, is responsible for the design, implementation and programming.[\/vc_column_text][\/vc_column][\/vc_row]<\/p>\n<\/div>","protected":false},"excerpt":{"rendered":"[vc_row][vc_column][vc_column_text] Imprint Pizzeria Restaurant Villaggio F\u00fcgen Karl-Mauracher Weg 38 A-6263 F\u00fcgen Phone: +43 5288 64007 office@villaggio-fuegen.at Company name: M.B. Villaggio OG Managing directors: Micoogullari Yilmaz &amp; Bing\u00f6ll\u00fc Murat Supervisory authority: Bezirkshauptmannschaft Schwaz Member of the Tyrol Chamber of Commerce Section: Restaurants Commercial register number: FN 431487 s VAT: ATU 69491301[\/vc_column_text][\/vc_column][\/vc_row][vc_row][vc_column][vc_column_text] Disclaimer of liability The operator&#8230; <a class=\"view-article\" href=\"https:\/\/villaggio-fuegen.at\/en\/imprint\/\">View Article<\/a>","protected":false},"author":1,"featured_media":0,"parent":0,"menu_order":8,"comment_status":"closed","ping_status":"closed","template":"","meta":{"footnotes":""},"class_list":["post-153","page","type-page","status-publish","hentry"],"yoast_head":"<!-- This site is optimized with the Yoast SEO plugin v26.6 - https:\/\/yoast.com\/wordpress\/plugins\/seo\/ -->\n<title>Imprint - Pizzeria Restaurant Villaggio F\u00fcgen<\/title>\n<meta name=\"robots\" content=\"index, follow, max-snippet:-1, max-image-preview:large, max-video-preview:-1\" \/>\n<link rel=\"canonical\" href=\"https:\/\/villaggio-fuegen.at\/en\/imprint\/\" \/>\n<meta property=\"og:locale\" content=\"en_US\" \/>\n<meta property=\"og:type\" content=\"article\" \/>\n<meta property=\"og:title\" content=\"Imprint - Pizzeria Restaurant Villaggio F\u00fcgen\" \/>\n<meta property=\"og:description\" content=\"[vc_row][vc_column][vc_column_text] Imprint Pizzeria Restaurant Villaggio F\u00fcgen Karl-Mauracher Weg 38 A-6263 F\u00fcgen Phone: +43 5288 64007 office@villaggio-fuegen.at Company name: M.B. Villaggio OG Managing directors: Micoogullari Yilmaz &amp; Bing\u00f6ll\u00fc Murat Supervisory authority: Bezirkshauptmannschaft Schwaz Member of the Tyrol Chamber of Commerce Section: Restaurants Commercial register number: FN 431487 s VAT: ATU 69491301[\/vc_column_text][\/vc_column][\/vc_row][vc_row][vc_column][vc_column_text] Disclaimer of liability The operator... View Article\" \/>\n<meta property=\"og:url\" content=\"https:\/\/villaggio-fuegen.at\/en\/imprint\/\" \/>\n<meta property=\"og:site_name\" content=\"Pizzeria Restaurant Villaggio F\u00fcgen\" \/>\n<meta property=\"article:modified_time\" content=\"2020-07-16T14:29:23+00:00\" \/>\n<meta name=\"twitter:card\" content=\"summary_large_image\" \/>\n<meta name=\"twitter:label1\" content=\"Est. reading time\" \/>\n\t<meta name=\"twitter:data1\" content=\"1 minute\" \/>\n<script type=\"application\/ld+json\" class=\"yoast-schema-graph\">{\"@context\":\"https:\/\/schema.org\",\"@graph\":[{\"@type\":\"WebPage\",\"@id\":\"https:\/\/villaggio-fuegen.at\/en\/imprint\/\",\"url\":\"https:\/\/villaggio-fuegen.at\/en\/imprint\/\",\"name\":\"Imprint - Pizzeria Restaurant Villaggio F\u00fcgen\",\"isPartOf\":{\"@id\":\"https:\/\/villaggio-fuegen.at\/#website\"},\"datePublished\":\"2020-07-16T14:28:29+00:00\",\"dateModified\":\"2020-07-16T14:29:23+00:00\",\"breadcrumb\":{\"@id\":\"https:\/\/villaggio-fuegen.at\/en\/imprint\/#breadcrumb\"},\"inLanguage\":\"en-US\",\"potentialAction\":[{\"@type\":\"ReadAction\",\"target\":[\"https:\/\/villaggio-fuegen.at\/en\/imprint\/\"]}]},{\"@type\":\"BreadcrumbList\",\"@id\":\"https:\/\/villaggio-fuegen.at\/en\/imprint\/#breadcrumb\",\"itemListElement\":[{\"@type\":\"ListItem\",\"position\":1,\"name\":\"Startseite\",\"item\":\"https:\/\/villaggio-fuegen.at\/en\/\"},{\"@type\":\"ListItem\",\"position\":2,\"name\":\"Imprint\"}]},{\"@type\":\"WebSite\",\"@id\":\"https:\/\/villaggio-fuegen.at\/#website\",\"url\":\"https:\/\/villaggio-fuegen.at\/\",\"name\":\"Pizzeria Restaurant Villaggio F\u00fcgen\",\"description\":\"Die beste Pizza in der N\u00e4he!\",\"potentialAction\":[{\"@type\":\"SearchAction\",\"target\":{\"@type\":\"EntryPoint\",\"urlTemplate\":\"https:\/\/villaggio-fuegen.at\/?s={search_term_string}\"},\"query-input\":{\"@type\":\"PropertyValueSpecification\",\"valueRequired\":true,\"valueName\":\"search_term_string\"}}],\"inLanguage\":\"en-US\"}]}<\/script>\n<!-- \/ Yoast SEO plugin. -->","yoast_head_json":{"title":"Imprint - Pizzeria Restaurant Villaggio F\u00fcgen","robots":{"index":"index","follow":"follow","max-snippet":"max-snippet:-1","max-image-preview":"max-image-preview:large","max-video-preview":"max-video-preview:-1"},"canonical":"https:\/\/villaggio-fuegen.at\/en\/imprint\/","og_locale":"en_US","og_type":"article","og_title":"Imprint - Pizzeria Restaurant Villaggio F\u00fcgen","og_description":"[vc_row][vc_column][vc_column_text] Imprint Pizzeria Restaurant Villaggio F\u00fcgen Karl-Mauracher Weg 38 A-6263 F\u00fcgen Phone: +43 5288 64007 office@villaggio-fuegen.at Company name: M.B. Villaggio OG Managing directors: Micoogullari Yilmaz &amp; Bing\u00f6ll\u00fc Murat Supervisory authority: Bezirkshauptmannschaft Schwaz Member of the Tyrol Chamber of Commerce Section: Restaurants Commercial register number: FN 431487 s VAT: ATU 69491301[\/vc_column_text][\/vc_column][\/vc_row][vc_row][vc_column][vc_column_text] Disclaimer of liability The operator... View Article","og_url":"https:\/\/villaggio-fuegen.at\/en\/imprint\/","og_site_name":"Pizzeria Restaurant Villaggio F\u00fcgen","article_modified_time":"2020-07-16T14:29:23+00:00","twitter_card":"summary_large_image","twitter_misc":{"Est. reading time":"1 minute"},"schema":{"@context":"https:\/\/schema.org","@graph":[{"@type":"WebPage","@id":"https:\/\/villaggio-fuegen.at\/en\/imprint\/","url":"https:\/\/villaggio-fuegen.at\/en\/imprint\/","name":"Imprint - Pizzeria Restaurant Villaggio F\u00fcgen","isPartOf":{"@id":"https:\/\/villaggio-fuegen.at\/#website"},"datePublished":"2020-07-16T14:28:29+00:00","dateModified":"2020-07-16T14:29:23+00:00","breadcrumb":{"@id":"https:\/\/villaggio-fuegen.at\/en\/imprint\/#breadcrumb"},"inLanguage":"en-US","potentialAction":[{"@type":"ReadAction","target":["https:\/\/villaggio-fuegen.at\/en\/imprint\/"]}]},{"@type":"BreadcrumbList","@id":"https:\/\/villaggio-fuegen.at\/en\/imprint\/#breadcrumb","itemListElement":[{"@type":"ListItem","position":1,"name":"Startseite","item":"https:\/\/villaggio-fuegen.at\/en\/"},{"@type":"ListItem","position":2,"name":"Imprint"}]},{"@type":"WebSite","@id":"https:\/\/villaggio-fuegen.at\/#website","url":"https:\/\/villaggio-fuegen.at\/","name":"Pizzeria Restaurant Villaggio F\u00fcgen","description":"Die beste Pizza in der N\u00e4he!","potentialAction":[{"@type":"SearchAction","target":{"@type":"EntryPoint","urlTemplate":"https:\/\/villaggio-fuegen.at\/?s={search_term_string}"},"query-input":{"@type":"PropertyValueSpecification","valueRequired":true,"valueName":"search_term_string"}}],"inLanguage":"en-US"}]}},"_links":{"self":[{"href":"https:\/\/villaggio-fuegen.at\/en\/wp-json\/wp\/v2\/pages\/153","targetHints":{"allow":["GET"]}}],"collection":[{"href":"https:\/\/villaggio-fuegen.at\/en\/wp-json\/wp\/v2\/pages"}],"about":[{"href":"https:\/\/villaggio-fuegen.at\/en\/wp-json\/wp\/v2\/types\/page"}],"author":[{"embeddable":true,"href":"https:\/\/villaggio-fuegen.at\/en\/wp-json\/wp\/v2\/users\/1"}],"replies":[{"embeddable":true,"href":"https:\/\/villaggio-fuegen.at\/en\/wp-json\/wp\/v2\/comments?post=153"}],"version-history":[{"count":2,"href":"https:\/\/villaggio-fuegen.at\/en\/wp-json\/wp\/v2\/pages\/153\/revisions"}],"predecessor-version":[{"id":155,"href":"https:\/\/villaggio-fuegen.at\/en\/wp-json\/wp\/v2\/pages\/153\/revisions\/155"}],"wp:attachment":[{"href":"https:\/\/villaggio-fuegen.at\/en\/wp-json\/wp\/v2\/media?parent=153"}],"curies":[{"name":"wp","href":"https:\/\/api.w.org\/{rel}","templated":true}]}}